{"id":395,"date":"2025-06-17T17:32:22","date_gmt":"2025-06-17T22:32:22","guid":{"rendered":"https:\/\/tienda.bisukp.com\/?page_id=395"},"modified":"2025-06-18T12:37:29","modified_gmt":"2025-06-18T17:37:29","slug":"nosotros","status":"publish","type":"page","link":"https:\/\/tienda.bisukp.com\/index.php\/nosotros\/","title":{"rendered":"Nosotros"},"content":{"rendered":"\t\t<div data-elementor-type=\"wp-page\" data-elementor-id=\"395\" class=\"elementor elementor-395\" data-elementor-post-type=\"page\">\n\t\t\t\t<div data-particle_enable=\"false\" data-particle-mobile-disabled=\"false\" class=\"elementor-element elementor-element-be7723e e-con-full e-flex e-con e-parent\" data-id=\"be7723e\" data-element_type=\"container\" data-settings=\"{&quot;background_background&quot;:&quot;classic&quot;}\">\n\t\t<div data-particle_enable=\"false\" data-particle-mobile-disabled=\"false\" class=\"elementor-element elementor-element-7cb552d e-flex e-con-boxed e-con e-child\" data-id=\"7cb552d\" data-element_type=\"container\">\n\t\t\t\t\t<div class=\"e-con-inner\">\n\t\t\t\t<div class=\"elementor-element elementor-element-c1aa45e uael-fancytext-stack-no elementor-widget elementor-widget-uael-fancy-heading\" data-id=\"c1aa45e\" data-element_type=\"widget\" data-settings=\"{&quot;fancytext_align&quot;:&quot;left&quot;,&quot;fancytext_space_prefix&quot;:{&quot;unit&quot;:&quot;px&quot;,&quot;size&quot;:&quot;0&quot;,&quot;sizes&quot;:[]},&quot;fancytext_space_prefix_tablet&quot;:{&quot;unit&quot;:&quot;px&quot;,&quot;size&quot;:&quot;&quot;,&quot;sizes&quot;:[]},&quot;fancytext_space_prefix_mobile&quot;:{&quot;unit&quot;:&quot;px&quot;,&quot;size&quot;:&quot;&quot;,&quot;sizes&quot;:[]},&quot;fancytext_min_height&quot;:{&quot;unit&quot;:&quot;px&quot;,&quot;size&quot;:&quot;&quot;,&quot;sizes&quot;:[]},&quot;fancytext_min_height_tablet&quot;:{&quot;unit&quot;:&quot;px&quot;,&quot;size&quot;:&quot;&quot;,&quot;sizes&quot;:[]},&quot;fancytext_min_height_mobile&quot;:{&quot;unit&quot;:&quot;px&quot;,&quot;size&quot;:&quot;&quot;,&quot;sizes&quot;:[]}}\" data-widget_type=\"uael-fancy-heading.default\">\n\t\t\t\t<div class=\"elementor-widget-container\">\n\t\t\t\t\t\t\t<div class=\"uael-module-content uael-fancy-text-node \" data-type-speed=\"120\" data-animation=\"type\" data-back-speed=\"60\" data-start-delay=\"0\" data-back-delay=\"1200\" data-loop=\"true\" data-show-cursor=\"false\" data-cursor-char=\"\" data-strings=\"[&quot;sobre mi&quot;,&quot;sobre mi negocio&quot;,&quot;como Bisukp me motiva&quot;]\">\n\t\t\t\t\t\t\t\t\t\t\t<h3 class=\"uael-fancy-text-wrap uael-fancy-text-type\">\n\t\t\t\t\t\t\t\t\t\t\t<span class=\"uael-fancy-heading uael-fancy-text-prefix\">Aqu\u00ed te cuento <\/span>\n\t\t\t\t\t\t\t\t\t\t\t<span class=\"uael-fancy-stack\">\n\t\t\t\t\t\t\t\t\t\t\t<span class=\"uael-fancy-heading uael-fancy-text-main uael-typed-main-wrap \"><span class=\"uael-typed-main\"><\/span><span class=\"uael-text-holder\">.<\/span><\/span>\n\t\t\t\t\t\t\t\t\t\t\t\t<\/span>\n\t\t\t\t\t\t\t\t\t<\/h3>\t\t\t\t\t<\/div>\n\t\t\t\t\t\t<\/div>\n\t\t\t\t<\/div>\n\t\t<div data-particle_enable=\"false\" data-particle-mobile-disabled=\"false\" class=\"elementor-element elementor-element-a1ee4b4 e-con-full e-flex e-con e-child\" data-id=\"a1ee4b4\" data-element_type=\"container\">\n\t\t\t\t<div class=\"elementor-element elementor-element-8f801fb elementor-widget elementor-widget-image\" data-id=\"8f801fb\" data-element_type=\"widget\" data-widget_type=\"image.default\">\n\t\t\t\t<div class=\"elementor-widget-container\">\n\t\t\t\t\t\t\t\t\t\t\t\t\t\t\t<img fetchpriority=\"high\" decoding=\"async\" width=\"800\" height=\"800\" src=\"https:\/\/tienda.bisukp.com\/wp-content\/uploads\/2025\/06\/accesorios-de-mujer1.png\" class=\"attachment-full size-full wp-image-478\" alt=\"\" srcset=\"https:\/\/tienda.bisukp.com\/wp-content\/uploads\/2025\/06\/accesorios-de-mujer1.png 800w, https:\/\/tienda.bisukp.com\/wp-content\/uploads\/2025\/06\/accesorios-de-mujer1-300x300.png 300w, https:\/\/tienda.bisukp.com\/wp-content\/uploads\/2025\/06\/accesorios-de-mujer1-150x150.png 150w, https:\/\/tienda.bisukp.com\/wp-content\/uploads\/2025\/06\/accesorios-de-mujer1-768x768.png 768w, https:\/\/tienda.bisukp.com\/wp-content\/uploads\/2025\/06\/accesorios-de-mujer1-600x600.png 600w, https:\/\/tienda.bisukp.com\/wp-content\/uploads\/2025\/06\/accesorios-de-mujer1-100x100.png 100w\" sizes=\"(max-width: 800px) 100vw, 800px\" \/>\t\t\t\t\t\t\t\t\t\t\t\t\t\t\t<\/div>\n\t\t\t\t<\/div>\n\t\t\t\t<div class=\"elementor-element elementor-element-a7c58b1 elementor-widget elementor-widget-text-editor\" data-id=\"a7c58b1\" data-element_type=\"widget\" data-widget_type=\"text-editor.default\">\n\t\t\t\t<div class=\"elementor-widget-container\">\n\t\t\t\t\t\t\t\t\t<p><strong data-start=\"549\" data-end=\"623\">Bisukp naci\u00f3 desde el alma de una mujer creativa, madre y emprendedora<\/strong>, que encontr\u00f3 en el arte de la bisuter\u00eda una forma de expresi\u00f3n, libertad y conexi\u00f3n emocional con otras mujeres.<\/p>\t\t\t\t\t\t\t\t<\/div>\n\t\t\t\t<\/div>\n\t\t\t\t<div class=\"elementor-element elementor-element-02f8bc1 elementor-widget elementor-widget-image\" data-id=\"02f8bc1\" data-element_type=\"widget\" data-widget_type=\"image.default\">\n\t\t\t\t<div class=\"elementor-widget-container\">\n\t\t\t\t\t\t\t\t\t\t\t\t\t\t\t<img decoding=\"async\" width=\"800\" height=\"800\" src=\"https:\/\/tienda.bisukp.com\/wp-content\/uploads\/2025\/06\/tiendas-de-accesorios-para-mujer.png\" class=\"attachment-large size-large wp-image-479\" alt=\"\" srcset=\"https:\/\/tienda.bisukp.com\/wp-content\/uploads\/2025\/06\/tiendas-de-accesorios-para-mujer.png 800w, https:\/\/tienda.bisukp.com\/wp-content\/uploads\/2025\/06\/tiendas-de-accesorios-para-mujer-300x300.png 300w, https:\/\/tienda.bisukp.com\/wp-content\/uploads\/2025\/06\/tiendas-de-accesorios-para-mujer-150x150.png 150w, https:\/\/tienda.bisukp.com\/wp-content\/uploads\/2025\/06\/tiendas-de-accesorios-para-mujer-768x768.png 768w, https:\/\/tienda.bisukp.com\/wp-content\/uploads\/2025\/06\/tiendas-de-accesorios-para-mujer-600x600.png 600w, https:\/\/tienda.bisukp.com\/wp-content\/uploads\/2025\/06\/tiendas-de-accesorios-para-mujer-100x100.png 100w\" sizes=\"(max-width: 800px) 100vw, 800px\" \/>\t\t\t\t\t\t\t\t\t\t\t\t\t\t\t<\/div>\n\t\t\t\t<\/div>\n\t\t\t\t<\/div>\n\t\t\t\t<div class=\"elementor-element elementor-element-3464a46 elementor-widget elementor-widget-spacer\" data-id=\"3464a46\" data-element_type=\"widget\" data-widget_type=\"spacer.default\">\n\t\t\t\t<div class=\"elementor-widget-container\">\n\t\t\t\t\t\t\t<div class=\"elementor-spacer\">\n\t\t\t<div class=\"elementor-spacer-inner\"><\/div>\n\t\t<\/div>\n\t\t\t\t\t\t<\/div>\n\t\t\t\t<\/div>\n\t\t<div data-particle_enable=\"false\" data-particle-mobile-disabled=\"false\" class=\"elementor-element elementor-element-f50ce33 e-flex e-con-boxed e-con e-child\" data-id=\"f50ce33\" data-element_type=\"container\">\n\t\t\t\t\t<div class=\"e-con-inner\">\n\t\t<div data-particle_enable=\"false\" data-particle-mobile-disabled=\"false\" class=\"elementor-element elementor-element-4161833 e-con-full e-flex e-con e-child\" data-id=\"4161833\" data-element_type=\"container\" data-settings=\"{&quot;background_background&quot;:&quot;classic&quot;}\">\n\t\t\t\t<div class=\"elementor-element elementor-element-a6d19c7 elementor-widget elementor-widget-text-editor\" data-id=\"a6d19c7\" data-element_type=\"widget\" data-widget_type=\"text-editor.default\">\n\t\t\t\t<div class=\"elementor-widget-container\">\n\t\t\t\t\t\t\t\t\t<p data-start=\"549\" data-end=\"882\">\u00a0<\/p><p>Soy Paola Andrade, la creadora de Bisukp, y este proyecto naci\u00f3 del deseo profundo de reconectar conmigo misma, superar mis miedos y construir mi independencia desde el amor propio y la creatividad. Bisukp es mi espacio para compartir dise\u00f1os que cuentan historias, que transmiten emociones y que empoderan a cada persona que los lleva puestos.<\/p><p>\u00a0<\/p><p>Porque para m\u00ed, Bisukp no es solo una marca\u2026 es un movimiento de autenticidad, de crecimiento personal, y de belleza con prop\u00f3sito. Cada accesorio lleva un pedacito de m\u00ed y un mensaje muy claro: todos podemos brillar si nos atrevemos a crear desde el coraz\u00f3n.<\/p>\t\t\t\t\t\t\t\t<\/div>\n\t\t\t\t<\/div>\n\t\t\t\t<\/div>\n\t\t<div data-particle_enable=\"false\" data-particle-mobile-disabled=\"false\" class=\"elementor-element elementor-element-2fb7c03 e-con-full e-flex e-con e-child\" data-id=\"2fb7c03\" data-element_type=\"container\">\n\t\t\t\t<div class=\"elementor-element elementor-element-79abbe4 elementor-widget elementor-widget-image\" data-id=\"79abbe4\" data-element_type=\"widget\" data-widget_type=\"image.default\">\n\t\t\t\t<div class=\"elementor-widget-container\">\n\t\t\t\t\t\t\t\t\t\t\t\t\t\t\t<img decoding=\"async\" width=\"800\" height=\"800\" src=\"https:\/\/tienda.bisukp.com\/wp-content\/uploads\/2025\/06\/emprendimientos-artesanales-1.png\" class=\"attachment-full size-full wp-image-481\" alt=\"\" srcset=\"https:\/\/tienda.bisukp.com\/wp-content\/uploads\/2025\/06\/emprendimientos-artesanales-1.png 800w, https:\/\/tienda.bisukp.com\/wp-content\/uploads\/2025\/06\/emprendimientos-artesanales-1-300x300.png 300w, https:\/\/tienda.bisukp.com\/wp-content\/uploads\/2025\/06\/emprendimientos-artesanales-1-150x150.png 150w, https:\/\/tienda.bisukp.com\/wp-content\/uploads\/2025\/06\/emprendimientos-artesanales-1-768x768.png 768w, https:\/\/tienda.bisukp.com\/wp-content\/uploads\/2025\/06\/emprendimientos-artesanales-1-600x600.png 600w, https:\/\/tienda.bisukp.com\/wp-content\/uploads\/2025\/06\/emprendimientos-artesanales-1-100x100.png 100w\" sizes=\"(max-width: 800px) 100vw, 800px\" \/>\t\t\t\t\t\t\t\t\t\t\t\t\t\t\t<\/div>\n\t\t\t\t<\/div>\n\t\t\t\t<\/div>\n\t\t\t\t\t<\/div>\n\t\t\t\t<\/div>\n\t\t\t\t<div class=\"elementor-element elementor-element-3ae1604 elementor-widget elementor-widget-spacer\" data-id=\"3ae1604\" data-element_type=\"widget\" data-widget_type=\"spacer.default\">\n\t\t\t\t<div class=\"elementor-widget-container\">\n\t\t\t\t\t\t\t<div class=\"elementor-spacer\">\n\t\t\t<div class=\"elementor-spacer-inner\"><\/div>\n\t\t<\/div>\n\t\t\t\t\t\t<\/div>\n\t\t\t\t<\/div>\n\t\t\t\t\t<\/div>\n\t\t\t\t<\/div>\n\t\t\t\t<\/div>\n\t\t<div data-particle_enable=\"false\" data-particle-mobile-disabled=\"false\" class=\"elementor-element elementor-element-715a30e e-flex e-con-boxed e-con e-parent\" data-id=\"715a30e\" data-element_type=\"container\">\n\t\t\t\t\t<div class=\"e-con-inner\">\n\t\t<div data-particle_enable=\"false\" data-particle-mobile-disabled=\"false\" class=\"elementor-element elementor-element-11c5ba5 e-con-full e-flex e-con e-child\" data-id=\"11c5ba5\" data-element_type=\"container\">\n\t\t\t\t<div class=\"elementor-element elementor-element-d985031 elementor-widget elementor-widget-text-editor\" data-id=\"d985031\" data-element_type=\"widget\" data-widget_type=\"text-editor.default\">\n\t\t\t\t<div class=\"elementor-widget-container\">\n\t\t\t\t\t\t\t\t\t<p>Impulsada por el deseo de compartir su creatividad con el mundo, Paola dio forma a Bisukp desde su propio hogar, donde un peque\u00f1o taller se convirti\u00f3 en su espacio de inspiraci\u00f3n, producci\u00f3n y sue\u00f1os. Aunque no cuenta con un local f\u00edsico, ese rinc\u00f3n de su casa ha sido el escenario donde se dise\u00f1an piezas \u00fanicas que reflejan emociones, empoderamiento y belleza artesanal. Gracias a la dedicaci\u00f3n constante y el amor por lo que hace, Bisukp ha logrado estar presente en varias tiendas multimarca en la ciudad de Quito, compartiendo espacio con otros emprendedores apasionados.<\/p>\t\t\t\t\t\t\t\t<\/div>\n\t\t\t\t<\/div>\n\t\t\t\t<\/div>\n\t\t<div data-particle_enable=\"false\" data-particle-mobile-disabled=\"false\" class=\"elementor-element elementor-element-90037cd e-con-full e-flex e-con e-child\" data-id=\"90037cd\" data-element_type=\"container\">\n\t\t\t\t<div class=\"elementor-element elementor-element-6bd4b40 elementor-widget elementor-widget-text-editor\" data-id=\"6bd4b40\" data-element_type=\"widget\" data-widget_type=\"text-editor.default\">\n\t\t\t\t<div class=\"elementor-widget-container\">\n\t\t\t\t\t\t\t\t\t<p>Adem\u00e1s, la marca ha participado activamente en ferias de emprendimiento, permitiendo una conexi\u00f3n m\u00e1s cercana con los clientes y generando una comunidad que valora lo hecho a mano y con coraz\u00f3n. Uno de los mayores logros ha sido ver la sonrisa de quienes usan sus productos, sentir su alegr\u00eda y saber que cada pieza ha tocado su vida de alguna manera. Aunque no hay un gran equipo detr\u00e1s de cada \u00e1rea del negocio, Paola pone todo su esfuerzo, amor y compromiso para brindar siempre lo mejor a sus clientes, cuidando cada detalle desde el dise\u00f1o hasta la entrega final.<\/p>\t\t\t\t\t\t\t\t<\/div>\n\t\t\t\t<\/div>\n\t\t\t\t<\/div>\n\t\t\t\t\t<\/div>\n\t\t\t\t<\/div>\n\t\t\t\t<\/div>\n\t\t","protected":false},"excerpt":{"rendered":"<p>Aqu\u00ed te cuento . Bisukp naci\u00f3 desde el alma de una mujer creativa, madre y emprendedora, que encontr\u00f3 en el arte de la bisuter\u00eda una forma de expresi\u00f3n, libertad y conexi\u00f3n emocional con otras mujeres. \u00a0 Soy Paola Andrade, la creadora de Bisukp, y este proyecto naci\u00f3 del deseo profundo de reconectar conmigo misma, superar [&hellip;]<\/p>\n","protected":false},"author":1,"featured_media":0,"parent":0,"menu_order":0,"comment_status":"closed","ping_status":"closed","template":"elementor_header_footer","meta":{"inline_featured_image":false,"footnotes":""},"class_list":["post-395","page","type-page","status-publish","hentry"],"jetpack_sharing_enabled":true,"_links":{"self":[{"href":"https:\/\/tienda.bisukp.com\/index.php\/wp-json\/wp\/v2\/pages\/395","targetHints":{"allow":["GET"]}}],"collection":[{"href":"https:\/\/tienda.bisukp.com\/index.php\/wp-json\/wp\/v2\/pages"}],"about":[{"href":"https:\/\/tienda.bisukp.com\/index.php\/wp-json\/wp\/v2\/types\/page"}],"author":[{"embeddable":true,"href":"https:\/\/tienda.bisukp.com\/index.php\/wp-json\/wp\/v2\/users\/1"}],"replies":[{"embeddable":true,"href":"https:\/\/tienda.bisukp.com\/index.php\/wp-json\/wp\/v2\/comments?post=395"}],"version-history":[{"count":19,"href":"https:\/\/tienda.bisukp.com\/index.php\/wp-json\/wp\/v2\/pages\/395\/revisions"}],"predecessor-version":[{"id":494,"href":"https:\/\/tienda.bisukp.com\/index.php\/wp-json\/wp\/v2\/pages\/395\/revisions\/494"}],"wp:attachment":[{"href":"https:\/\/tienda.bisukp.com\/index.php\/wp-json\/wp\/v2\/media?parent=395"}],"curies":[{"name":"wp","href":"https:\/\/api.w.org\/{rel}","templated":true}]}}