{"id":330,"date":"2025-06-16T11:55:33","date_gmt":"2025-06-16T16:55:33","guid":{"rendered":"https:\/\/tienda.bisukp.com\/?page_id=330"},"modified":"2025-06-18T15:24:10","modified_gmt":"2025-06-18T20:24:10","slug":"carrito-2","status":"publish","type":"page","link":"https:\/\/tienda.bisukp.com\/index.php\/carrito-2\/","title":{"rendered":"CARRITO"},"content":{"rendered":"\t\t<div data-elementor-type=\"wp-page\" data-elementor-id=\"330\" class=\"elementor elementor-330\" data-elementor-post-type=\"page\">\n\t\t\t\t<div data-particle_enable=\"false\" data-particle-mobile-disabled=\"false\" class=\"elementor-element elementor-element-f3fe2d6 e-con-full e-flex e-con e-parent\" data-id=\"f3fe2d6\" data-element_type=\"container\">\n\t\t<div data-particle_enable=\"false\" data-particle-mobile-disabled=\"false\" class=\"elementor-element elementor-element-c452b18 e-flex e-con-boxed e-con e-child\" data-id=\"c452b18\" data-element_type=\"container\">\n\t\t\t\t\t<div class=\"e-con-inner\">\n\t\t\t\t<div class=\"elementor-element elementor-element-2f86fdf e-cart-layout-two-column elementor-widget elementor-widget-woocommerce-cart\" data-id=\"2f86fdf\" data-element_type=\"widget\" data-widget_type=\"woocommerce-cart.default\">\n\t\t\t\t<div class=\"elementor-widget-container\">\n\t\t\t\t\t<div class=\"woocommerce\"><div class=\"woocommerce-notices-wrapper\"><\/div><div class=\"wc-empty-cart-message\">\n\t<div class=\"cart-empty woocommerce-info\">\n\t\tTu carrito est\u00e1 vac\u00edo.\t<\/div>\n<\/div>\t<p class=\"return-to-shop\">\n\t\t<a class=\"button wc-backward\" href=\"https:\/\/tienda.bisukp.com\">\n\t\t\tVolver a la tienda\t\t<\/a>\n\t<\/p>\n<\/div>\t\t\t\t<\/div>\n\t\t\t\t<\/div>\n\t\t\t\t\t<\/div>\n\t\t\t\t<\/div>\n\t\t\t\t<\/div>\n\t\t\t\t<\/div>\n\t\t","protected":false},"excerpt":{"rendered":"<p>Eliminar art\u00edculo Imagen en miniatura Producto Precio Cantidad Subtotal &times; Aretes bot\u00f3n mosaico &#36;6,00 Aretes bot\u00f3n mosaico cantidad &#36;6,00 &times; Collar mixto &#36;13,00 Collar mixto cantidad &#36;13,00 &times; Aretes Magnolia &#8211; Azul rey, Large &#36;13,00 Aretes Magnolia &#8211; Azul rey, Large cantidad &#36;13,00 Actualizar carrito Aplicar cup\u00f3n Cart Totals Subtotal &#36;32,00 Env\u00edo No se han [&hellip;]<\/p>\n","protected":false},"author":1,"featured_media":0,"parent":0,"menu_order":0,"comment_status":"closed","ping_status":"closed","template":"elementor_header_footer","meta":{"inline_featured_image":false,"footnotes":""},"class_list":["post-330","page","type-page","status-publish","hentry"],"jetpack_sharing_enabled":true,"_links":{"self":[{"href":"https:\/\/tienda.bisukp.com\/index.php\/wp-json\/wp\/v2\/pages\/330","targetHints":{"allow":["GET"]}}],"collection":[{"href":"https:\/\/tienda.bisukp.com\/index.php\/wp-json\/wp\/v2\/pages"}],"about":[{"href":"https:\/\/tienda.bisukp.com\/index.php\/wp-json\/wp\/v2\/types\/page"}],"author":[{"embeddable":true,"href":"https:\/\/tienda.bisukp.com\/index.php\/wp-json\/wp\/v2\/users\/1"}],"replies":[{"embeddable":true,"href":"https:\/\/tienda.bisukp.com\/index.php\/wp-json\/wp\/v2\/comments?post=330"}],"version-history":[{"count":19,"href":"https:\/\/tienda.bisukp.com\/index.php\/wp-json\/wp\/v2\/pages\/330\/revisions"}],"predecessor-version":[{"id":538,"href":"https:\/\/tienda.bisukp.com\/index.php\/wp-json\/wp\/v2\/pages\/330\/revisions\/538"}],"wp:attachment":[{"href":"https:\/\/tienda.bisukp.com\/index.php\/wp-json\/wp\/v2\/media?parent=330"}],"curies":[{"name":"wp","href":"https:\/\/api.w.org\/{rel}","templated":true}]}}